{"id":118,"date":"2021-01-09T16:26:50","date_gmt":"2021-01-09T16:26:50","guid":{"rendered":"http:\/\/staymadeiraisland.com\/?page_id=118"},"modified":"2022-01-20T20:59:02","modified_gmt":"2022-01-20T20:59:02","slug":"viver-na-madeira","status":"publish","type":"page","link":"https:\/\/staymadeiraisland.com\/en\/viver-na-madeira\/","title":{"rendered":"LIVING IN MADEIRA"},"content":{"rendered":"<div data-elementor-type=\"wp-page\" data-elementor-id=\"118\" class=\"elementor elementor-118\">\n\t\t\t\t\t\t\t\t\t<section class=\"elementor-section elementor-top-section elementor-element elementor-element-3221910 elementor-section-boxed elementor-section-height-default elementor-section-height-default wpr-particle-no wpr-jarallax-no wpr-parallax-no wpr-sticky-section-no elementor-invisible\" data-id=\"3221910\" data-element_type=\"section\" data-settings=\"{&quot;animation&quot;:&quot;pulse&quot;}\">\n\t\t\t\t\t\t<div class=\"elementor-container elementor-column-gap-default\">\n\t\t\t\t\t<div class=\"elementor-column elementor-col-100 elementor-top-column elementor-element elementor-element-b450e62\" data-id=\"b450e62\" data-element_type=\"column\">\n\t\t\t<div class=\"elementor-widget-wrap elementor-element-populated\">\n\t\t\t\t\t\t\t\t<div class=\"elementor-element elementor-element-75db9d4 elementor-hidden-desktop elementor-hidden-tablet elementor-widget elementor-widget-menu-anchor\" data-id=\"75db9d4\" data-element_type=\"widget\" data-widget_type=\"menu-anchor.default\">\n\t\t\t\t<div class=\"elementor-widget-container\">\n\t\t\t\t\t<div id=\"inicio\" class=\"elementor-menu-anchor\"><\/div>\n\t\t\t\t<\/div>\n\t\t\t\t<\/div>\n\t\t\t\t\t<\/div>\n\t\t<\/div>\n\t\t\t\t\t\t\t<\/div>\n\t\t<\/section>\n\t\t\t\t<section class=\"elementor-section elementor-top-section elementor-element elementor-element-e6ada0c elementor-section-height-min-height elementor-section-boxed elementor-section-height-default elementor-section-items-middle wpr-particle-no wpr-jarallax-no wpr-parallax-no wpr-sticky-section-no\" data-id=\"e6ada0c\" data-element_type=\"section\">\n\t\t\t\t\t\t<div class=\"elementor-container elementor-column-gap-default\">\n\t\t\t\t\t<div class=\"elementor-column elementor-col-100 elementor-top-column elementor-element elementor-element-ad8489d\" data-id=\"ad8489d\" data-element_type=\"column\">\n\t\t\t<div class=\"elementor-widget-wrap elementor-element-populated\">\n\t\t\t\t\t\t\t\t<div class=\"elementor-element elementor-element-51a6297 elementor-widget elementor-widget-heading\" data-id=\"51a6297\" data-element_type=\"widget\" data-widget_type=\"heading.default\">\n\t\t\t\t<div class=\"elementor-widget-container\">\n\t\t\t<h1 class=\"elementor-heading-title elementor-size-default\">WANT TO LIVE IN MADEIRA ISLAND? ARE YOU LOOKING FOR THE IDEAL HOUSE?<br>\n\nA Stay Madeira Island dedica-se \u00e0 consultoria imobili\u00e1ria!<\/h1>\t\t<\/div>\n\t\t\t\t<\/div>\n\t\t\t\t<section class=\"elementor-section elementor-inner-section elementor-element elementor-element-07d5d12 elementor-section-boxed elementor-section-height-default elementor-section-height-default wpr-particle-no wpr-jarallax-no wpr-parallax-no wpr-sticky-section-no\" data-id=\"07d5d12\" data-element_type=\"section\">\n\t\t\t\t\t\t<div class=\"elementor-container elementor-column-gap-default\">\n\t\t\t\t\t<div class=\"elementor-column elementor-col-50 elementor-inner-column elementor-element elementor-element-43cc340\" data-id=\"43cc340\" data-element_type=\"column\">\n\t\t\t<div class=\"elementor-widget-wrap elementor-element-populated\">\n\t\t\t\t\t\t\t\t<div class=\"elementor-element elementor-element-7cd5d7e elementor-align-right elementor-mobile-align-justify elementor-widget elementor-widget-button\" data-id=\"7cd5d7e\" data-element_type=\"widget\" data-widget_type=\"button.default\">\n\t\t\t\t<div class=\"elementor-widget-container\">\n\t\t\t\t\t<div class=\"elementor-button-wrapper\">\n\t\t\t<a class=\"elementor-button elementor-button-link elementor-size-sm\" href=\"https:\/\/staymadeiraisland.com\/en\/viver-na-madeira\/imobiliaria\/\">\n\t\t\t\t\t\t<span class=\"elementor-button-content-wrapper\">\n\t\t\t\t\t\t<span class=\"elementor-button-text\">BUY <\/span>\n\t\t<\/span>\n\t\t\t\t\t<\/a>\n\t\t<\/div>\n\t\t\t\t<\/div>\n\t\t\t\t<\/div>\n\t\t\t\t\t<\/div>\n\t\t<\/div>\n\t\t\t\t<div class=\"elementor-column elementor-col-50 elementor-inner-column elementor-element elementor-element-ff4bbd7\" data-id=\"ff4bbd7\" data-element_type=\"column\">\n\t\t\t<div class=\"elementor-widget-wrap elementor-element-populated\">\n\t\t\t\t\t\t\t\t<div class=\"elementor-element elementor-element-4a549c8 elementor-align-left elementor-mobile-align-justify elementor-widget elementor-widget-button\" data-id=\"4a549c8\" data-element_type=\"widget\" data-widget_type=\"button.default\">\n\t\t\t\t<div class=\"elementor-widget-container\">\n\t\t\t\t\t<div class=\"elementor-button-wrapper\">\n\t\t\t<a class=\"elementor-button elementor-button-link elementor-size-sm\" href=\"https:\/\/staymadeiraisland.com\/en\/contactos\/\">\n\t\t\t\t\t\t<span class=\"elementor-button-content-wrapper\">\n\t\t\t\t\t\t<span class=\"elementor-button-text\">SELL<\/span>\n\t\t<\/span>\n\t\t\t\t\t<\/a>\n\t\t<\/div>\n\t\t\t\t<\/div>\n\t\t\t\t<\/div>\n\t\t\t\t\t<\/div>\n\t\t<\/div>\n\t\t\t\t\t\t\t<\/div>\n\t\t<\/section>\n\t\t\t\t\t<\/div>\n\t\t<\/div>\n\t\t\t\t\t\t\t<\/div>\n\t\t<\/section>\n\t\t\t\t<section class=\"elementor-section elementor-top-section elementor-element elementor-element-b1daee5 elementor-section-boxed elementor-section-height-default elementor-section-height-default wpr-particle-no wpr-jarallax-no wpr-parallax-no wpr-sticky-section-no\" data-id=\"b1daee5\" data-element_type=\"section\">\n\t\t\t\t\t\t<div class=\"elementor-container elementor-column-gap-extended\">\n\t\t\t\t\t<div class=\"elementor-column elementor-col-25 elementor-top-column elementor-element elementor-element-e601a3e\" data-id=\"e601a3e\" data-element_type=\"column\">\n\t\t\t<div class=\"elementor-widget-wrap\">\n\t\t\t\t\t\t\t\t\t<\/div>\n\t\t<\/div>\n\t\t\t\t<div class=\"elementor-column elementor-col-25 elementor-top-column elementor-element elementor-element-789ce25\" data-id=\"789ce25\" data-element_type=\"column\">\n\t\t\t<div class=\"elementor-widget-wrap elementor-element-populated\">\n\t\t\t\t\t\t\t\t<div class=\"elementor-element elementor-element-606b89e elementor-invisible elementor-widget elementor-widget-image\" data-id=\"606b89e\" data-element_type=\"widget\" data-settings=\"{&quot;_animation&quot;:&quot;pulse&quot;}\" data-widget_type=\"image.default\">\n\t\t\t\t<div class=\"elementor-widget-container\">\n\t\t\t\t\t\t\t\t\t\t\t\t\t\t\t<img decoding=\"async\" loading=\"lazy\" width=\"1024\" height=\"683\" src=\"https:\/\/staymadeiraisland.com\/wp-content\/uploads\/2021\/02\/asdssss-1024x683.jpg\" class=\"attachment-large size-large wp-image-1711\" alt=\"\" srcset=\"https:\/\/staymadeiraisland.com\/wp-content\/uploads\/2021\/02\/asdssss-1024x683.jpg 1024w, https:\/\/staymadeiraisland.com\/wp-content\/uploads\/2021\/02\/asdssss-300x200.jpg 300w, https:\/\/staymadeiraisland.com\/wp-content\/uploads\/2021\/02\/asdssss-768x512.jpg 768w, https:\/\/staymadeiraisland.com\/wp-content\/uploads\/2021\/02\/asdssss-1536x1024.jpg 1536w, https:\/\/staymadeiraisland.com\/wp-content\/uploads\/2021\/02\/asdssss-2048x1366.jpg 2048w, https:\/\/staymadeiraisland.com\/wp-content\/uploads\/2021\/02\/asdssss-16x12.jpg 16w, https:\/\/staymadeiraisland.com\/wp-content\/uploads\/2021\/02\/asdssss-930x620.jpg 930w\" sizes=\"(max-width: 1024px) 100vw, 1024px\" \/>\t\t\t\t\t\t\t\t\t\t\t\t\t\t\t<\/div>\n\t\t\t\t<\/div>\n\t\t\t\t<div class=\"elementor-element elementor-element-ea12d4e elementor-widget elementor-widget-heading\" data-id=\"ea12d4e\" data-element_type=\"widget\" data-widget_type=\"heading.default\">\n\t\t\t\t<div class=\"elementor-widget-container\">\n\t\t\t<h2 class=\"elementor-heading-title elementor-size-default\">WE HAVE THE KEY TO EVERY DREAM. <\/h2>\t\t<\/div>\n\t\t\t\t<\/div>\n\t\t\t\t<div class=\"elementor-element elementor-element-1efccf2 elementor-widget elementor-widget-text-editor\" data-id=\"1efccf2\" data-element_type=\"widget\" data-widget_type=\"text-editor.default\">\n\t\t\t\t<div class=\"elementor-widget-container\">\n\t\t\t\t\t\t\t<p>The house is the space where we live the most important moments of life and living in the ideal house is a dream!<\/p><p>If you are looking for a property to live in or to invest in and make a profit, STAY MADEIRA ISLAND has the service you are looking for.<\/p><p>Consult STAY MADEIRA ISLAND properties, please contact us if you want to know more details or schedule a visit.<\/p><p>If you haven't found the property you are designing, contact us, we want to know your preferences, know what you are looking for and find what you want. For us it is not impossible, we work daily to satisfy our clients and, therefore, we will be happy to help you find the property you are looking for!\u00a0<\/p>\t\t\t\t\t\t<\/div>\n\t\t\t\t<\/div>\n\t\t\t\t<div class=\"elementor-element elementor-element-c344a17 elementor-align-left elementor-mobile-align-justify elementor-widget elementor-widget-button\" data-id=\"c344a17\" data-element_type=\"widget\" data-widget_type=\"button.default\">\n\t\t\t\t<div class=\"elementor-widget-container\">\n\t\t\t\t\t<div class=\"elementor-button-wrapper\">\n\t\t\t<a class=\"elementor-button elementor-button-link elementor-size-sm\" href=\"https:\/\/staymadeiraisland.com\/en\/contactos\/\">\n\t\t\t\t\t\t<span class=\"elementor-button-content-wrapper\">\n\t\t\t\t\t\t<span class=\"elementor-button-text\">MORE INFO<\/span>\n\t\t<\/span>\n\t\t\t\t\t<\/a>\n\t\t<\/div>\n\t\t\t\t<\/div>\n\t\t\t\t<\/div>\n\t\t\t\t<div class=\"elementor-element elementor-element-a78774f elementor-hidden-desktop elementor-widget-divider--view-line elementor-widget elementor-widget-divider\" data-id=\"a78774f\" data-element_type=\"widget\" data-widget_type=\"divider.default\">\n\t\t\t\t<div class=\"elementor-widget-container\">\n\t\t\t\t\t<div class=\"elementor-divider\">\n\t\t\t<span class=\"elementor-divider-separator\">\n\t\t\t\t\t\t<\/span>\n\t\t<\/div>\n\t\t\t\t<\/div>\n\t\t\t\t<\/div>\n\t\t\t\t\t<\/div>\n\t\t<\/div>\n\t\t\t\t<div class=\"elementor-column elementor-col-25 elementor-top-column elementor-element elementor-element-69be941\" data-id=\"69be941\" data-element_type=\"column\">\n\t\t\t<div class=\"elementor-widget-wrap elementor-element-populated\">\n\t\t\t\t\t\t\t\t<div class=\"elementor-element elementor-element-b510e8f elementor-hidden-desktop elementor-widget elementor-widget-spacer\" data-id=\"b510e8f\" data-element_type=\"widget\" data-widget_type=\"spacer.default\">\n\t\t\t\t<div class=\"elementor-widget-container\">\n\t\t\t<style>.elementor-element-b510e8f{display:none !important}<\/style>\t\t<\/div>\n\t\t\t\t<\/div>\n\t\t\t\t<div class=\"elementor-element elementor-element-017fa42 elementor-invisible elementor-widget elementor-widget-image\" data-id=\"017fa42\" data-element_type=\"widget\" data-settings=\"{&quot;_animation&quot;:&quot;pulse&quot;}\" data-widget_type=\"image.default\">\n\t\t\t\t<div class=\"elementor-widget-container\">\n\t\t\t\t\t\t\t\t\t\t\t\t\t\t\t<img decoding=\"async\" loading=\"lazy\" width=\"1024\" height=\"683\" src=\"https:\/\/staymadeiraisland.com\/wp-content\/uploads\/2021\/02\/realtor-client-signing-papers-1024x683.jpg\" class=\"attachment-large size-large wp-image-1705\" alt=\"\" srcset=\"https:\/\/staymadeiraisland.com\/wp-content\/uploads\/2021\/02\/realtor-client-signing-papers-1024x683.jpg 1024w, https:\/\/staymadeiraisland.com\/wp-content\/uploads\/2021\/02\/realtor-client-signing-papers-300x200.jpg 300w, https:\/\/staymadeiraisland.com\/wp-content\/uploads\/2021\/02\/realtor-client-signing-papers-768x512.jpg 768w, https:\/\/staymadeiraisland.com\/wp-content\/uploads\/2021\/02\/realtor-client-signing-papers-1536x1024.jpg 1536w, https:\/\/staymadeiraisland.com\/wp-content\/uploads\/2021\/02\/realtor-client-signing-papers-2048x1366.jpg 2048w, https:\/\/staymadeiraisland.com\/wp-content\/uploads\/2021\/02\/realtor-client-signing-papers-16x12.jpg 16w, https:\/\/staymadeiraisland.com\/wp-content\/uploads\/2021\/02\/realtor-client-signing-papers-930x620.jpg 930w\" sizes=\"(max-width: 1024px) 100vw, 1024px\" \/>\t\t\t\t\t\t\t\t\t\t\t\t\t\t\t<\/div>\n\t\t\t\t<\/div>\n\t\t\t\t<div class=\"elementor-element elementor-element-a5b536f elementor-widget elementor-widget-heading\" data-id=\"a5b536f\" data-element_type=\"widget\" data-widget_type=\"heading.default\">\n\t\t\t\t<div class=\"elementor-widget-container\">\n\t\t\t<h2 class=\"elementor-heading-title elementor-size-default\">DO YOU INTEND TO SELL YOUR PROPERTY? <\/h2>\t\t<\/div>\n\t\t\t\t<\/div>\n\t\t\t\t<div class=\"elementor-element elementor-element-374e4f2 elementor-widget elementor-widget-text-editor\" data-id=\"374e4f2\" data-element_type=\"widget\" data-widget_type=\"text-editor.default\">\n\t\t\t\t<div class=\"elementor-widget-container\">\n\t\t\t\t\t\t\t<p>Stay Madeira Island can help! We provide a real estate consulting service in which we support the entire bureaucratic process of buying and selling, disclosing the property and the process of visits. We study the real estate market and work to find the ideal solution for each client. We develop strategies that allow us to help you sell your property. We work daily to satisfy our customers and therefore we will be happy to help sell your property.<\/p><p>We work daily to satisfy our clients and, therefore, we will be happy to help you find the property you are looking for!<\/p>\t\t\t\t\t\t<\/div>\n\t\t\t\t<\/div>\n\t\t\t\t<div class=\"elementor-element elementor-element-19b7405 elementor-align-left elementor-mobile-align-justify elementor-widget elementor-widget-button\" data-id=\"19b7405\" data-element_type=\"widget\" data-widget_type=\"button.default\">\n\t\t\t\t<div class=\"elementor-widget-container\">\n\t\t\t\t\t<div class=\"elementor-button-wrapper\">\n\t\t\t<a class=\"elementor-button elementor-button-link elementor-size-sm\" href=\"https:\/\/staymadeiraisland.com\/en\/contactos\/\">\n\t\t\t\t\t\t<span class=\"elementor-button-content-wrapper\">\n\t\t\t\t\t\t<span class=\"elementor-button-text\">MORE INFO<\/span>\n\t\t<\/span>\n\t\t\t\t\t<\/a>\n\t\t<\/div>\n\t\t\t\t<\/div>\n\t\t\t\t<\/div>\n\t\t\t\t<div class=\"elementor-element elementor-element-98594f6 elementor-hidden-desktop elementor-widget-divider--view-line elementor-widget elementor-widget-divider\" data-id=\"98594f6\" data-element_type=\"widget\" data-widget_type=\"divider.default\">\n\t\t\t\t<div class=\"elementor-widget-container\">\n\t\t\t\t\t<div class=\"elementor-divider\">\n\t\t\t<span class=\"elementor-divider-separator\">\n\t\t\t\t\t\t<\/span>\n\t\t<\/div>\n\t\t\t\t<\/div>\n\t\t\t\t<\/div>\n\t\t\t\t\t<\/div>\n\t\t<\/div>\n\t\t\t\t<div class=\"elementor-column elementor-col-25 elementor-top-column elementor-element elementor-element-7996f9f\" data-id=\"7996f9f\" data-element_type=\"column\">\n\t\t\t<div class=\"elementor-widget-wrap\">\n\t\t\t\t\t\t\t\t\t<\/div>\n\t\t<\/div>\n\t\t\t\t\t\t\t<\/div>\n\t\t<\/section>\n\t\t\t\t<section class=\"elementor-section elementor-top-section elementor-element elementor-element-4726188 elementor-section-height-min-height elementor-section-boxed elementor-section-height-default elementor-section-items-middle wpr-particle-no wpr-jarallax-no wpr-parallax-no wpr-sticky-section-no\" data-id=\"4726188\" data-element_type=\"section\" data-settings=\"{&quot;background_background&quot;:&quot;classic&quot;}\">\n\t\t\t\t\t\t<div class=\"elementor-container elementor-column-gap-default\">\n\t\t\t\t\t<div class=\"elementor-column elementor-col-50 elementor-top-column elementor-element elementor-element-e46dded\" data-id=\"e46dded\" data-element_type=\"column\">\n\t\t\t<div class=\"elementor-widget-wrap elementor-element-populated\">\n\t\t\t\t\t\t\t\t<div class=\"elementor-element elementor-element-2285db0 elementor-widget elementor-widget-heading\" data-id=\"2285db0\" data-element_type=\"widget\" data-widget_type=\"heading.default\">\n\t\t\t\t<div class=\"elementor-widget-container\">\n\t\t\t<h3 class=\"elementor-heading-title elementor-size-default\">How to request our services?\n<\/h3>\t\t<\/div>\n\t\t\t\t<\/div>\n\t\t\t\t<div class=\"elementor-element elementor-element-902b28a elementor-widget elementor-widget-text-editor\" data-id=\"902b28a\" data-element_type=\"widget\" data-widget_type=\"text-editor.default\">\n\t\t\t\t<div class=\"elementor-widget-container\">\n\t\t\t\t\t\t\t<p>Fill out the contact form available to guarantee your reservation immediately<br \/>or ask any additional questions.<\/p>\t\t\t\t\t\t<\/div>\n\t\t\t\t<\/div>\n\t\t\t\t\t<\/div>\n\t\t<\/div>\n\t\t\t\t<div class=\"elementor-column elementor-col-50 elementor-top-column elementor-element elementor-element-9b237a5\" data-id=\"9b237a5\" data-element_type=\"column\">\n\t\t\t<div class=\"elementor-widget-wrap elementor-element-populated\">\n\t\t\t\t\t\t\t\t<div class=\"elementor-element elementor-element-cf91318 elementor-align-right elementor-mobile-align-justify elementor-widget elementor-widget-button\" data-id=\"cf91318\" data-element_type=\"widget\" data-widget_type=\"button.default\">\n\t\t\t\t<div class=\"elementor-widget-container\">\n\t\t\t\t\t<div class=\"elementor-button-wrapper\">\n\t\t\t<a class=\"elementor-button elementor-button-link elementor-size-sm\" href=\"https:\/\/staymadeiraisland.com\/en\/contactos\/\">\n\t\t\t\t\t\t<span class=\"elementor-button-content-wrapper\">\n\t\t\t\t\t\t<span class=\"elementor-button-text\">HERE<\/span>\n\t\t<\/span>\n\t\t\t\t\t<\/a>\n\t\t<\/div>\n\t\t\t\t<\/div>\n\t\t\t\t<\/div>\n\t\t\t\t<div class=\"elementor-element elementor-element-c6cab92 elementor-hidden-desktop elementor-widget-divider--view-line elementor-widget elementor-widget-divider\" data-id=\"c6cab92\" data-element_type=\"widget\" data-widget_type=\"divider.default\">\n\t\t\t\t<div class=\"elementor-widget-container\">\n\t\t\t\t\t<div class=\"elementor-divider\">\n\t\t\t<span class=\"elementor-divider-separator\">\n\t\t\t\t\t\t<\/span>\n\t\t<\/div>\n\t\t\t\t<\/div>\n\t\t\t\t<\/div>\n\t\t\t\t<div class=\"elementor-element elementor-element-5a25205 elementor-mobile-align-right elementor-hidden-desktop elementor-hidden-tablet elementor-widget elementor-widget-button\" data-id=\"5a25205\" data-element_type=\"widget\" data-settings=\"{&quot;_animation_mobile&quot;:&quot;fadeInUp&quot;}\" data-widget_type=\"button.default\">\n\t\t\t\t<div class=\"elementor-widget-container\">\n\t\t\t\t\t<div class=\"elementor-button-wrapper\">\n\t\t\t<a class=\"elementor-button elementor-button-link elementor-size-xl\" href=\"#inicio\">\n\t\t\t\t\t\t<span class=\"elementor-button-content-wrapper\">\n\t\t\t\t\t\t<span class=\"elementor-button-icon elementor-align-icon-right\">\n\t\t\t\t<i aria-hidden=\"true\" class=\"fas fa-angle-up\"><\/i>\t\t\t<\/span>\n\t\t\t\t\t\t<span class=\"elementor-button-text\"><\/span>\n\t\t<\/span>\n\t\t\t\t\t<\/a>\n\t\t<\/div>\n\t\t\t\t<\/div>\n\t\t\t\t<\/div>\n\t\t\t\t\t<\/div>\n\t\t<\/div>\n\t\t\t\t\t\t\t<\/div>\n\t\t<\/section>\n\t\t\t\t<section class=\"elementor-section elementor-top-section elementor-element elementor-element-856a97d elementor-hidden-mobile elementor-section-boxed elementor-section-height-default elementor-section-height-default wpr-particle-no wpr-jarallax-no wpr-parallax-no wpr-sticky-section-no\" data-id=\"856a97d\" data-element_type=\"section\">\n\t\t\t\t\t\t<div class=\"elementor-container elementor-column-gap-default\">\n\t\t\t\t\t<div class=\"elementor-column elementor-col-100 elementor-top-column elementor-element elementor-element-86bc1d4\" data-id=\"86bc1d4\" data-element_type=\"column\">\n\t\t\t<div class=\"elementor-widget-wrap elementor-element-populated\">\n\t\t\t\t\t\t\t\t<div class=\"elementor-element elementor-element-b688976 elementor-widget__width-auto elementor-fixed elementor-invisible elementor-widget elementor-widget-image\" data-id=\"b688976\" data-element_type=\"widget\" id=\"backupthepage\" data-settings=\"{&quot;_animation&quot;:&quot;fadeInUp&quot;,&quot;_position&quot;:&quot;fixed&quot;}\" data-widget_type=\"image.default\">\n\t\t\t\t<div class=\"elementor-widget-container\">\n\t\t\t\t\t\t\t\t\t\t\t\t\t\t\t\t<a href=\"#up\">\n\t\t\t\t\t\t\t<img decoding=\"async\" src=\"https:\/\/staymadeiraisland.com\/wp-content\/uploads\/2021\/01\/next-e1610319480960.png\" title=\"up\" alt=\"up\" class=\"elementor-animation-pulse\" loading=\"lazy\" \/>\t\t\t\t\t\t\t\t<\/a>\n\t\t\t\t\t\t\t\t\t\t\t\t\t\t\t<\/div>\n\t\t\t\t<\/div>\n\t\t\t\t<div class=\"elementor-element elementor-element-fa339f9 elementor-widget elementor-widget-html\" data-id=\"fa339f9\" data-element_type=\"widget\" data-widget_type=\"html.default\">\n\t\t\t\t<div class=\"elementor-widget-container\">\n\t\t\t<script>\r\n\r\ndocument.addEventListener('DOMContentLoaded', function() {\r\njQuery(function($){\r\n$(window).scroll(function(){\r\nif ($(this).scrollTop() > 1310) {\r\n$('#backupthepage').addClass('showbackupthepage')\r\n} else {\r\n$('#backupthepage').removeClass('showbackupthepage')\r\n}\r\n});\r\n\r\n$(window).scroll(function(){\r\nif ($(this).scrollTop() > 500) {\r\n$('#backupthepage').fadeIn();\r\n$('#backupthepage').addClass('showtoTp')\r\n} else {\r\n$('#backupthepage').fadeOut();\r\n$('#backupthepage').removeClass('showtoTop')\r\n}\r\n});\r\n\r\n\r\n\r\n$('#backupthepage').click(function(){\r\n$(\"html, body\").animate({ scrollTop: 0 }, 'slow');\r\nreturn false;\r\n});\r\n}); });\r\n\r\n<\/script>\r\n\r\n<style>\r\n#backupthepage{\r\ncursor: pointer;\r\ndisplay: none;\r\nz-index: 98;\r\n}\r\n#backupthepage.showbackupthepage{\r\ndisplay: block;\r\n}\r\n\r\n#backupthepage .elementor-align-icon-left {\r\nmargin-right: 0;\r\n}\r\n\r\n<\/style>\r\n\t\t<\/div>\n\t\t\t\t<\/div>\n\t\t\t\t<div class=\"elementor-element elementor-element-960bebb elementor-widget elementor-widget-spacer\" data-id=\"960bebb\" data-element_type=\"widget\" data-widget_type=\"spacer.default\">\n\t\t\t\t<div class=\"elementor-widget-container\">\n\t\t\t\t\t<div class=\"elementor-spacer\">\n\t\t\t<div class=\"elementor-spacer-inner\"><\/div>\n\t\t<\/div>\n\t\t\t\t<\/div>\n\t\t\t\t<\/div>\n\t\t\t\t\t<\/div>\n\t\t<\/div>\n\t\t\t\t\t\t\t<\/div>\n\t\t<\/section>\n\t\t\t\t\t\t\t<\/div>","protected":false},"excerpt":{"rendered":"<p>EST\u00c1 \u00c0 PROCURA DA CASA IDEAL? QUER MUDAR DE CASA? A Stay Madeira Island dedica-se \u00e0 consultoria imobili\u00e1ria! COMPRAR VENDER Temos a chave para cada sonho A casa \u00e9 o espa\u00e7o onde vivemos os mais importantes momentos da vida e viver na casa ideal \u00e9 um sonho! Se est\u00e1 \u00e0 procura de um im\u00f3vel para&hellip;&nbsp;<a href=\"https:\/\/staymadeiraisland.com\/en\/viver-na-madeira\/\" class=\"\" rel=\"bookmark\">Read More &raquo;<span class=\"screen-reader-text\">LIVING IN MADEIRA<\/span><\/a><\/p>","protected":false},"author":1,"featured_media":0,"parent":0,"menu_order":0,"comment_status":"closed","ping_status":"closed","template":"page-templates\/template-pagebuilder-full-width.php","meta":{"neve_meta_sidebar":"full-width","neve_meta_container":"","neve_meta_enable_content_width":"on","neve_meta_content_width":100,"neve_meta_title_alignment":"","neve_meta_author_avatar":"","neve_post_elements_order":"","neve_meta_disable_header":"","neve_meta_disable_footer":"","neve_meta_disable_title":"on","footnotes":""},"_links":{"self":[{"href":"https:\/\/staymadeiraisland.com\/en\/wp-json\/wp\/v2\/pages\/118"}],"collection":[{"href":"https:\/\/staymadeiraisland.com\/en\/wp-json\/wp\/v2\/pages"}],"about":[{"href":"https:\/\/staymadeiraisland.com\/en\/wp-json\/wp\/v2\/types\/page"}],"author":[{"embeddable":true,"href":"https:\/\/staymadeiraisland.com\/en\/wp-json\/wp\/v2\/users\/1"}],"replies":[{"embeddable":true,"href":"https:\/\/staymadeiraisland.com\/en\/wp-json\/wp\/v2\/comments?post=118"}],"version-history":[{"count":71,"href":"https:\/\/staymadeiraisland.com\/en\/wp-json\/wp\/v2\/pages\/118\/revisions"}],"predecessor-version":[{"id":3299,"href":"https:\/\/staymadeiraisland.com\/en\/wp-json\/wp\/v2\/pages\/118\/revisions\/3299"}],"wp:attachment":[{"href":"https:\/\/staymadeiraisland.com\/en\/wp-json\/wp\/v2\/media?parent=118"}],"curies":[{"name":"wp","href":"https:\/\/api.w.org\/{rel}","templated":true}]}}